{"id":20,"date":"2026-03-11T16:34:20","date_gmt":"2026-03-11T19:34:20","guid":{"rendered":"https:\/\/raquelmoraespsi.com.br\/?page_id=20"},"modified":"2026-04-17T13:59:58","modified_gmt":"2026-04-17T16:59:58","slug":"home","status":"publish","type":"page","link":"https:\/\/raquelmoraespsi.com.br\/","title":{"rendered":"Home"},"content":{"rendered":"\t\t<div data-elementor-type=\"wp-page\" data-elementor-id=\"20\" class=\"elementor elementor-20\">\n\t\t\t\t<div class=\"elementor-element elementor-element-4a8d33f e-flex e-con-boxed e-con e-parent\" data-id=\"4a8d33f\" data-element_type=\"container\" data-e-type=\"container\">\n\t\t\t\t\t<div class=\"e-con-inner\">\n\t\t\t\t<div class=\"elementor-element elementor-element-6ad4a9c elementor-widget elementor-widget-spacer\" data-id=\"6ad4a9c\" data-element_type=\"widget\" data-e-type=\"widget\" data-widget_type=\"spacer.default\">\n\t\t\t\t\t\t\t<div class=\"elementor-spacer\">\n\t\t\t<div class=\"elementor-spacer-inner\"><\/div>\n\t\t<\/div>\n\t\t\t\t\t\t<\/div>\n\t\t\t\t\t<\/div>\n\t\t\t\t<\/div>\n\t\t<div class=\"elementor-element elementor-element-3593959 e-flex e-con-boxed e-con e-parent\" data-id=\"3593959\" data-element_type=\"container\" data-e-type=\"container\">\n\t\t\t\t\t<div class=\"e-con-inner\">\n\t\t<div class=\"elementor-element elementor-element-ec4c372 e-con-full e-flex e-con e-child\" data-id=\"ec4c372\" data-element_type=\"container\" data-e-type=\"container\">\n\t\t\t\t<div class=\"elementor-element elementor-element-bc9ac13 elementor-widget elementor-widget-heading\" data-id=\"bc9ac13\" data-element_type=\"widget\" data-e-type=\"widget\" data-widget_type=\"heading.default\">\n\t\t\t\t\t<h1 class=\"elementor-heading-title elementor-size-default\">Raquel Moraes <\/h1>\t\t\t\t<\/div>\n\t\t\t\t<div class=\"elementor-element elementor-element-3ab5e1c elementor-widget elementor-widget-text-editor\" data-id=\"3ab5e1c\" data-element_type=\"widget\" data-e-type=\"widget\" data-widget_type=\"text-editor.default\">\n\t\t\t\t\t\t\t\t\t<p>Psic\u00f3loga cl\u00ednica | CRP 07\/38806<\/p>\t\t\t\t\t\t\t\t<\/div>\n\t\t\t\t<div class=\"elementor-element elementor-element-afd5c5c elementor-widget elementor-widget-text-editor\" data-id=\"afd5c5c\" data-element_type=\"widget\" data-e-type=\"widget\" data-widget_type=\"text-editor.default\">\n\t\t\t\t\t\t\t\t\t<p><b>Psic\u00f3loga cl\u00ednica com orienta\u00e7\u00e3o psicanal\u00edtica.\u00a0<\/b>Atendimento presencial e online para adolescentes e adultos<\/p>\t\t\t\t\t\t\t\t<\/div>\n\t\t\t\t<div class=\"elementor-element elementor-element-03664aa elementor-widget elementor-widget-button\" data-id=\"03664aa\" data-element_type=\"widget\" data-e-type=\"widget\" data-widget_type=\"button.default\">\n\t\t\t\t\t\t\t\t\t\t<a class=\"elementor-button elementor-button-link elementor-size-sm\" href=\"https:\/\/wa.link\/z75123\">\n\t\t\t\t\t\t<span class=\"elementor-button-content-wrapper\">\n\t\t\t\t\t\t\t\t\t<span class=\"elementor-button-text\">Agendar uma conversa<\/span>\n\t\t\t\t\t<\/span>\n\t\t\t\t\t<\/a>\n\t\t\t\t\t\t\t\t<\/div>\n\t\t\t\t<\/div>\n\t\t<div class=\"elementor-element elementor-element-f7efe97 e-con-full e-flex e-con e-child\" data-id=\"f7efe97\" data-element_type=\"container\" data-e-type=\"container\">\n\t\t\t\t<div class=\"elementor-element elementor-element-fe581c1 elementor-widget elementor-widget-image\" data-id=\"fe581c1\" data-element_type=\"widget\" data-e-type=\"widget\" data-widget_type=\"image.default\">\n\t\t\t\t\t\t\t\t\t\t\t\t\t\t\t<img decoding=\"async\" width=\"150\" height=\"150\" src=\"http:\/\/raquelmoraespsi.com.br\/wp-content\/uploads\/2026\/03\/Logo-sem-fundo-29-150x150.webp\" class=\"attachment-thumbnail size-thumbnail wp-image-41\" alt=\"Raquel Moraes Psic\u00f3loga em Porto Alegre\" srcset=\"http:\/\/raquelmoraespsi.com.br\/wp-content\/uploads\/2026\/03\/Logo-sem-fundo-29-150x150.webp 150w, http:\/\/raquelmoraespsi.com.br\/wp-content\/uploads\/2026\/03\/Logo-sem-fundo-29-300x300.webp 300w, http:\/\/raquelmoraespsi.com.br\/wp-content\/uploads\/2026\/03\/Logo-sem-fundo-29-1024x1024.webp 1024w, http:\/\/raquelmoraespsi.com.br\/wp-content\/uploads\/2026\/03\/Logo-sem-fundo-29-768x768.webp 768w, http:\/\/raquelmoraespsi.com.br\/wp-content\/uploads\/2026\/03\/Logo-sem-fundo-29-1536x1536.webp 1536w, http:\/\/raquelmoraespsi.com.br\/wp-content\/uploads\/2026\/03\/Logo-sem-fundo-29-2048x2048.webp 2048w\" sizes=\"(max-width: 150px) 100vw, 150px\" \/>\t\t\t\t\t\t\t\t\t\t\t\t\t\t\t<\/div>\n\t\t\t\t<\/div>\n\t\t\t\t\t<\/div>\n\t\t\t\t<\/div>\n\t\t<div class=\"elementor-element elementor-element-1fc0595 e-flex e-con-boxed e-con e-parent\" data-id=\"1fc0595\" data-element_type=\"container\" data-e-type=\"container\">\n\t\t\t\t\t<div class=\"e-con-inner\">\n\t\t\t\t<div class=\"elementor-element elementor-element-5d9fc6f elementor-widget elementor-widget-spacer\" data-id=\"5d9fc6f\" data-element_type=\"widget\" data-e-type=\"widget\" data-widget_type=\"spacer.default\">\n\t\t\t\t\t\t\t<div class=\"elementor-spacer\">\n\t\t\t<div class=\"elementor-spacer-inner\"><\/div>\n\t\t<\/div>\n\t\t\t\t\t\t<\/div>\n\t\t\t\t\t<\/div>\n\t\t\t\t<\/div>\n\t\t<div class=\"elementor-element elementor-element-5a107ba e-flex e-con-boxed e-con e-parent\" data-id=\"5a107ba\" data-element_type=\"container\" data-e-type=\"container\" id=\"sobre\" data-settings=\"{&quot;background_background&quot;:&quot;classic&quot;}\">\n\t\t\t\t\t<div class=\"e-con-inner\">\n\t\t<div class=\"elementor-element elementor-element-6b5610f e-con-full e-flex e-con e-child\" data-id=\"6b5610f\" data-element_type=\"container\" data-e-type=\"container\">\n\t\t\t\t<div class=\"elementor-element elementor-element-48ec3ce elementor-widget elementor-widget-image\" data-id=\"48ec3ce\" data-element_type=\"widget\" data-e-type=\"widget\" data-widget_type=\"image.default\">\n\t\t\t\t\t\t\t\t\t\t\t\t\t\t\t<img fetchpriority=\"high\" decoding=\"async\" width=\"500\" height=\"600\" src=\"http:\/\/raquelmoraespsi.com.br\/wp-content\/uploads\/2026\/04\/Sem-nome-250-x-300-px-500-x-600-px.png\" class=\"attachment-medium_large size-medium_large wp-image-164\" alt=\"Raquel Moraes Psic\u00f3loga em Porto Alegre\" srcset=\"http:\/\/raquelmoraespsi.com.br\/wp-content\/uploads\/2026\/04\/Sem-nome-250-x-300-px-500-x-600-px.png 500w, http:\/\/raquelmoraespsi.com.br\/wp-content\/uploads\/2026\/04\/Sem-nome-250-x-300-px-500-x-600-px-250x300.png 250w\" sizes=\"(max-width: 500px) 100vw, 500px\" \/>\t\t\t\t\t\t\t\t\t\t\t\t\t\t\t<\/div>\n\t\t\t\t<\/div>\n\t\t<div class=\"elementor-element elementor-element-97566d3 e-con-full e-flex e-con e-child\" data-id=\"97566d3\" data-element_type=\"container\" data-e-type=\"container\">\n\t\t\t\t<div class=\"elementor-element elementor-element-eb43e80 elementor-widget elementor-widget-spacer\" data-id=\"eb43e80\" data-element_type=\"widget\" data-e-type=\"widget\" data-widget_type=\"spacer.default\">\n\t\t\t\t\t\t\t<div class=\"elementor-spacer\">\n\t\t\t<div class=\"elementor-spacer-inner\"><\/div>\n\t\t<\/div>\n\t\t\t\t\t\t<\/div>\n\t\t\t\t<div class=\"elementor-element elementor-element-2b9c515 elementor-widget elementor-widget-heading\" data-id=\"2b9c515\" data-element_type=\"widget\" data-e-type=\"widget\" data-widget_type=\"heading.default\">\n\t\t\t\t\t<h2 class=\"elementor-heading-title elementor-size-default\">Sobre <b>mim<\/b><\/h2>\t\t\t\t<\/div>\n\t\t\t\t<div class=\"elementor-element elementor-element-9831a62 elementor-widget elementor-widget-text-editor\" data-id=\"9831a62\" data-element_type=\"widget\" data-e-type=\"widget\" data-widget_type=\"text-editor.default\">\n\t\t\t\t\t\t\t\t\t<p data-start=\"301\" data-end=\"392\">Sou <strong data-start=\"305\" data-end=\"326\">psic\u00f3loga cl\u00ednica<\/strong>, formada em Psicologia pela Universidade Federal do Rio Grande.<\/p><p data-start=\"394\" data-end=\"597\">Meu trabalho \u00e9 orientado pela <strong data-start=\"424\" data-end=\"439\">psican\u00e1lise<\/strong>, abordagem que sustenta uma escuta atenta \u00e0 singularidade de cada sujeito e \u00e0s formas como sua hist\u00f3ria se constr\u00f3i nas rela\u00e7\u00f5es com o mundo e com os outros.<\/p><p data-start=\"599\" data-end=\"771\">No <strong data-start=\"602\" data-end=\"629\">atendimento psicol\u00f3gico<\/strong>, busco oferecer um espa\u00e7o \u00e9tico e acolhedor de escuta, onde cada pessoa possa falar livremente sobre suas experi\u00eancias, conflitos e quest\u00f5es.<\/p><p data-start=\"773\" data-end=\"948\">Desde a gradua\u00e7\u00e3o, tamb\u00e9m desenvolvo estudos voltados \u00e0s <strong data-start=\"830\" data-end=\"866\">rela\u00e7\u00f5es de g\u00eanero e sexualidade<\/strong>, temas que seguem presentes em minha trajet\u00f3ria de forma\u00e7\u00e3o e na pr\u00e1tica cl\u00ednica.<\/p>\t\t\t\t\t\t\t\t<\/div>\n\t\t\t\t<\/div>\n\t\t\t\t<div class=\"elementor-element elementor-element-15c08e7 elementor-widget elementor-widget-spacer\" data-id=\"15c08e7\" data-element_type=\"widget\" data-e-type=\"widget\" data-widget_type=\"spacer.default\">\n\t\t\t\t\t\t\t<div class=\"elementor-spacer\">\n\t\t\t<div class=\"elementor-spacer-inner\"><\/div>\n\t\t<\/div>\n\t\t\t\t\t\t<\/div>\n\t\t\t\t\t<\/div>\n\t\t\t\t<\/div>\n\t\t<div class=\"elementor-element elementor-element-f4636de e-flex e-con-boxed e-con e-parent\" data-id=\"f4636de\" data-element_type=\"container\" data-e-type=\"container\" id=\"atendimento\" data-settings=\"{&quot;background_background&quot;:&quot;classic&quot;}\">\n\t\t\t\t\t<div class=\"e-con-inner\">\n\t\t\t\t<div class=\"elementor-element elementor-element-98c2c1c elementor-widget elementor-widget-spacer\" data-id=\"98c2c1c\" data-element_type=\"widget\" data-e-type=\"widget\" data-widget_type=\"spacer.default\">\n\t\t\t\t\t\t\t<div class=\"elementor-spacer\">\n\t\t\t<div class=\"elementor-spacer-inner\"><\/div>\n\t\t<\/div>\n\t\t\t\t\t\t<\/div>\n\t\t\t\t<div class=\"elementor-element elementor-element-a21d53c elementor-widget elementor-widget-heading\" data-id=\"a21d53c\" data-element_type=\"widget\" data-e-type=\"widget\" data-widget_type=\"heading.default\">\n\t\t\t\t\t<h2 class=\"elementor-heading-title elementor-size-default\">Como o <b>trabalho<br>cl\u00ednico se organiza<\/b><\/h2>\t\t\t\t<\/div>\n\t\t\t\t\t<\/div>\n\t\t\t\t<\/div>\n\t\t<div class=\"elementor-element elementor-element-bf141cc e-grid e-con-boxed e-con e-parent\" data-id=\"bf141cc\" data-element_type=\"container\" data-e-type=\"container\" data-settings=\"{&quot;background_background&quot;:&quot;classic&quot;}\">\n\t\t\t\t\t<div class=\"e-con-inner\">\n\t\t\t\t<div class=\"elementor-element elementor-element-cf2d78c elementor-widget elementor-widget-heading\" data-id=\"cf2d78c\" data-element_type=\"widget\" data-e-type=\"widget\" data-widget_type=\"heading.default\">\n\t\t\t\t\t<h2 class=\"elementor-heading-title elementor-size-default\">-<br>Psicoterapia Individual<\/h2>\t\t\t\t<\/div>\n\t\t\t\t<div class=\"elementor-element elementor-element-ae32e03 elementor-widget elementor-widget-text-editor\" data-id=\"ae32e03\" data-element_type=\"widget\" data-e-type=\"widget\" data-widget_type=\"text-editor.default\">\n\t\t\t\t\t\t\t\t\t<div class=\"flex flex-col gap-5\"><p class=\"font-body text-sm text-foreground\/65 leading-loose\">Atendimento cl\u00ednico individual com foco na singularidade de cada sujeito. Um processo cont\u00ednuo e confidencial.<\/p><\/div>\t\t\t\t\t\t\t\t<\/div>\n\t\t\t\t<div class=\"elementor-element elementor-element-1158611 elementor-widget elementor-widget-heading\" data-id=\"1158611\" data-element_type=\"widget\" data-e-type=\"widget\" data-widget_type=\"heading.default\">\n\t\t\t\t\t<h2 class=\"elementor-heading-title elementor-size-default\">-<br>Abordagem Psicanal\u00edtica<\/h2>\t\t\t\t<\/div>\n\t\t\t\t<div class=\"elementor-element elementor-element-21866b0 elementor-widget elementor-widget-text-editor\" data-id=\"21866b0\" data-element_type=\"widget\" data-e-type=\"widget\" data-widget_type=\"text-editor.default\">\n\t\t\t\t\t\t\t\t\t<div class=\"flex flex-col gap-5\"><p class=\"font-body text-sm text-foreground\/65 leading-loose\">O trabalho \u00e9 orientado pela psican\u00e1lise, que valoriza a escuta e o inconsciente na compreens\u00e3o dos afetos, conflitos e formas de se relacionar.<\/p><\/div>\t\t\t\t\t\t\t\t<\/div>\n\t\t\t\t<div class=\"elementor-element elementor-element-18364f9 elementor-widget elementor-widget-heading\" data-id=\"18364f9\" data-element_type=\"widget\" data-e-type=\"widget\" data-widget_type=\"heading.default\">\n\t\t\t\t\t<h2 class=\"elementor-heading-title elementor-size-default\">-<br>Escuta e Acolhimento<\/h2>\t\t\t\t<\/div>\n\t\t\t\t<div class=\"elementor-element elementor-element-a261f3c elementor-widget elementor-widget-text-editor\" data-id=\"a261f3c\" data-element_type=\"widget\" data-e-type=\"widget\" data-widget_type=\"text-editor.default\">\n\t\t\t\t\t\t\t\t\t<div class=\"grid grid-cols-1 md:grid-cols-3 gap-10 md:gap-8\"><div class=\"flex flex-col gap-5\"><p class=\"font-body text-sm text-foreground\/65 leading-loose\">Um lugar de fala onde o que \u00e9 dito e o que n\u00e3o pode ainda ser dito encontram espa\u00e7o e resson\u00e2ncia.<\/p><\/div><\/div>\t\t\t\t\t\t\t\t<\/div>\n\t\t\t\t\t<\/div>\n\t\t\t\t<\/div>\n\t\t<div class=\"elementor-element elementor-element-6c655fb e-flex e-con-boxed e-con e-parent\" data-id=\"6c655fb\" data-element_type=\"container\" data-e-type=\"container\" data-settings=\"{&quot;background_background&quot;:&quot;gradient&quot;}\">\n\t\t\t\t\t<div class=\"e-con-inner\">\n\t\t\t\t<div class=\"elementor-element elementor-element-f2d6478 elementor-widget elementor-widget-spacer\" data-id=\"f2d6478\" data-element_type=\"widget\" data-e-type=\"widget\" data-widget_type=\"spacer.default\">\n\t\t\t\t\t\t\t<div class=\"elementor-spacer\">\n\t\t\t<div class=\"elementor-spacer-inner\"><\/div>\n\t\t<\/div>\n\t\t\t\t\t\t<\/div>\n\t\t\t\t\t<\/div>\n\t\t\t\t<\/div>\n\t\t<div class=\"elementor-element elementor-element-a9473c1 e-flex e-con-boxed e-con e-parent\" data-id=\"a9473c1\" data-element_type=\"container\" data-e-type=\"container\" id=\"modalidades\" data-settings=\"{&quot;background_background&quot;:&quot;classic&quot;}\">\n\t\t\t\t\t<div class=\"e-con-inner\">\n\t\t<div class=\"elementor-element elementor-element-869cdfa e-con-full e-flex e-con e-child\" data-id=\"869cdfa\" data-element_type=\"container\" data-e-type=\"container\" data-settings=\"{&quot;background_background&quot;:&quot;classic&quot;}\">\n\t\t<div class=\"elementor-element elementor-element-77ac3d0 e-con-full e-flex e-con e-child\" data-id=\"77ac3d0\" data-element_type=\"container\" data-e-type=\"container\">\n\t\t\t\t<div class=\"elementor-element elementor-element-4171dc9 elementor-widget elementor-widget-heading\" data-id=\"4171dc9\" data-element_type=\"widget\" data-e-type=\"widget\" data-widget_type=\"heading.default\">\n\t\t\t\t\t<h2 class=\"elementor-heading-title elementor-size-default\">Atendimento Presencial<\/h2>\t\t\t\t<\/div>\n\t\t\t\t<div class=\"elementor-element elementor-element-e571b17 elementor-widget elementor-widget-text-editor\" data-id=\"e571b17\" data-element_type=\"widget\" data-e-type=\"widget\" data-widget_type=\"text-editor.default\">\n\t\t\t\t\t\t\t\t\t<p>Consult\u00f3rio em ambiente que garante privacidade, acolhimento e conforto.<\/p>\t\t\t\t\t\t\t\t<\/div>\n\t\t\t\t<\/div>\n\t\t\t\t<\/div>\n\t\t<div class=\"elementor-element elementor-element-082e8ad e-con-full e-flex e-con e-child\" data-id=\"082e8ad\" data-element_type=\"container\" data-e-type=\"container\" data-settings=\"{&quot;background_background&quot;:&quot;classic&quot;}\">\n\t\t<div class=\"elementor-element elementor-element-e3c7db3 e-con-full e-flex e-con e-child\" data-id=\"e3c7db3\" data-element_type=\"container\" data-e-type=\"container\">\n\t\t\t\t<div class=\"elementor-element elementor-element-f6aeffb elementor-widget elementor-widget-heading\" data-id=\"f6aeffb\" data-element_type=\"widget\" data-e-type=\"widget\" data-widget_type=\"heading.default\">\n\t\t\t\t\t<h2 class=\"elementor-heading-title elementor-size-default\">Atendimento Online<\/h2>\t\t\t\t<\/div>\n\t\t\t\t<div class=\"elementor-element elementor-element-7aa7330 elementor-widget elementor-widget-text-editor\" data-id=\"7aa7330\" data-element_type=\"widget\" data-e-type=\"widget\" data-widget_type=\"text-editor.default\">\n\t\t\t\t\t\t\t\t\t<p>Acompanhamento psicol\u00f3gico com a mesma seriedade, cuidado t\u00e9cnico e \u00e9tica profissional.<\/p>\t\t\t\t\t\t\t\t<\/div>\n\t\t\t\t<\/div>\n\t\t\t\t<\/div>\n\t\t\t\t\t<\/div>\n\t\t\t\t<\/div>\n\t\t<div class=\"elementor-element elementor-element-b8fb22c e-flex e-con-boxed e-con e-parent\" data-id=\"b8fb22c\" data-element_type=\"container\" data-e-type=\"container\">\n\t\t\t\t\t<div class=\"e-con-inner\">\n\t\t\t\t<div class=\"elementor-element elementor-element-6a7232c elementor-widget elementor-widget-spacer\" data-id=\"6a7232c\" data-element_type=\"widget\" data-e-type=\"widget\" data-widget_type=\"spacer.default\">\n\t\t\t\t\t\t\t<div class=\"elementor-spacer\">\n\t\t\t<div class=\"elementor-spacer-inner\"><\/div>\n\t\t<\/div>\n\t\t\t\t\t\t<\/div>\n\t\t\t\t\t<\/div>\n\t\t\t\t<\/div>\n\t\t<div class=\"elementor-element elementor-element-8958a66 e-flex e-con-boxed e-con e-parent\" data-id=\"8958a66\" data-element_type=\"container\" data-e-type=\"container\" id=\"contato\">\n\t\t\t\t\t<div class=\"e-con-inner\">\n\t\t<div class=\"elementor-element elementor-element-448ffaa e-con-full e-flex e-con e-child\" data-id=\"448ffaa\" data-element_type=\"container\" data-e-type=\"container\">\n\t\t<div class=\"elementor-element elementor-element-3d20b0e e-con-full e-flex e-con e-child\" data-id=\"3d20b0e\" data-element_type=\"container\" data-e-type=\"container\">\n\t\t\t\t<div class=\"elementor-element elementor-element-e71edcd elementor-widget elementor-widget-heading\" data-id=\"e71edcd\" data-element_type=\"widget\" data-e-type=\"widget\" data-widget_type=\"heading.default\">\n\t\t\t\t\t<h2 class=\"elementor-heading-title elementor-size-default\">Para agendamentos ou esclarecimento de d\u00favidas, <b>fico \u00e0 disposi\u00e7\u00e3o<\/b>.<\/h2>\t\t\t\t<\/div>\n\t\t\t\t<div class=\"elementor-element elementor-element-38dd1ec elementor-widget elementor-widget-text-editor\" data-id=\"38dd1ec\" data-element_type=\"widget\" data-e-type=\"widget\" data-widget_type=\"text-editor.default\">\n\t\t\t\t\t\t\t\t\t<p>Se desejar iniciar sua jornada de an\u00e1lise, conte comigo.<\/p>\t\t\t\t\t\t\t\t<\/div>\n\t\t\t\t<\/div>\n\t\t\t\t<\/div>\n\t\t<div class=\"elementor-element elementor-element-1507793 e-con-full e-flex e-con e-child\" data-id=\"1507793\" data-element_type=\"container\" data-e-type=\"container\">\n\t\t<div class=\"elementor-element elementor-element-e44befe e-con-full e-flex e-con e-child\" data-id=\"e44befe\" data-element_type=\"container\" data-e-type=\"container\">\n\t\t\t\t<div class=\"elementor-element elementor-element-6810ab0 elementor-widget elementor-widget-text-editor\" data-id=\"6810ab0\" data-element_type=\"widget\" data-e-type=\"widget\" data-widget_type=\"text-editor.default\">\n\t\t\t\t\t\t\t\t\t<p data-start=\"2290\" data-end=\"2336\"><strong data-start=\"2293\" data-end=\"2316\">Telefone \/ WhatsApp<\/strong><br data-start=\"2316\" data-end=\"2319\" \/>(53) 99957-3286<\/p><p data-start=\"2338\" data-end=\"2406\"><strong data-start=\"2341\" data-end=\"2353\">Endere\u00e7o<\/strong><br data-start=\"2353\" data-end=\"2356\" \/>Ven\u00e2ncio Aires, 1191<br data-start=\"2376\" data-end=\"2379\" \/>Bom Fim \u2014 Porto Alegre\/RS<\/p>\t\t\t\t\t\t\t\t<\/div>\n\t\t\t\t<\/div>\n\t\t\t\t<div class=\"elementor-element elementor-element-2bcb094 elementor-widget elementor-widget-button\" data-id=\"2bcb094\" data-element_type=\"widget\" data-e-type=\"widget\" data-widget_type=\"button.default\">\n\t\t\t\t\t\t\t\t\t\t<a class=\"elementor-button elementor-button-link elementor-size-sm\" href=\"https:\/\/wa.link\/z75123\">\n\t\t\t\t\t\t<span class=\"elementor-button-content-wrapper\">\n\t\t\t\t\t\t\t\t\t<span class=\"elementor-button-text\">Agendar uma conversa<\/span>\n\t\t\t\t\t<\/span>\n\t\t\t\t\t<\/a>\n\t\t\t\t\t\t\t\t<\/div>\n\t\t\t\t<\/div>\n\t\t\t\t\t<\/div>\n\t\t\t\t<\/div>\n\t\t<div class=\"elementor-element elementor-element-4b9aac2 e-flex e-con-boxed e-con e-parent\" data-id=\"4b9aac2\" data-element_type=\"container\" data-e-type=\"container\">\n\t\t\t\t\t<div class=\"e-con-inner\">\n\t\t<div class=\"elementor-element elementor-element-9eef04c e-con-full e-flex e-con e-child\" data-id=\"9eef04c\" data-element_type=\"container\" data-e-type=\"container\">\n\t\t\t\t<div class=\"elementor-element elementor-element-210b341 elementor-widget elementor-widget-spacer\" data-id=\"210b341\" data-element_type=\"widget\" data-e-type=\"widget\" data-widget_type=\"spacer.default\">\n\t\t\t\t\t\t\t<div class=\"elementor-spacer\">\n\t\t\t<div class=\"elementor-spacer-inner\"><\/div>\n\t\t<\/div>\n\t\t\t\t\t\t<\/div>\n\t\t\t\t<\/div>\n\t\t<div class=\"elementor-element elementor-element-50baac4 e-con-full e-flex e-con e-child\" data-id=\"50baac4\" data-element_type=\"container\" data-e-type=\"container\">\n\t\t\t\t<div class=\"elementor-element elementor-element-f4557e0 elementor-widget elementor-widget-google_maps\" data-id=\"f4557e0\" data-element_type=\"widget\" data-e-type=\"widget\" data-widget_type=\"google_maps.default\">\n\t\t\t\t\t\t\t<div class=\"elementor-custom-embed\">\n\t\t\t<iframe loading=\"lazy\"\n\t\t\t\t\tsrc=\"https:\/\/maps.google.com\/maps?q=Ven%C3%A2ncio%20Aires%2C%201191%20Bom%20Fim%20%E2%80%94%20Porto%20Alegre%2FRS&#038;t=m&#038;z=15&#038;output=embed&#038;iwloc=near\"\n\t\t\t\t\ttitle=\"Ven\u00e2ncio Aires, 1191 Bom Fim \u2014 Porto Alegre\/RS\"\n\t\t\t\t\taria-label=\"Ven\u00e2ncio Aires, 1191 Bom Fim \u2014 Porto Alegre\/RS\"\n\t\t\t><\/iframe>\n\t\t<\/div>\n\t\t\t\t\t\t<\/div>\n\t\t\t\t<\/div>\n\t\t\t\t\t<\/div>\n\t\t\t\t<\/div>\n\t\t<div class=\"elementor-element elementor-element-72d09bd e-flex e-con-boxed e-con e-parent\" data-id=\"72d09bd\" data-element_type=\"container\" data-e-type=\"container\">\n\t\t\t\t\t<div class=\"e-con-inner\">\n\t\t\t\t<div class=\"elementor-element elementor-element-056d308 elementor-widget elementor-widget-spacer\" data-id=\"056d308\" data-element_type=\"widget\" data-e-type=\"widget\" data-widget_type=\"spacer.default\">\n\t\t\t\t\t\t\t<div class=\"elementor-spacer\">\n\t\t\t<div class=\"elementor-spacer-inner\"><\/div>\n\t\t<\/div>\n\t\t\t\t\t\t<\/div>\n\t\t\t\t\t<\/div>\n\t\t\t\t<\/div>\n\t\t\t\t<\/div>\n\t\t","protected":false},"excerpt":{"rendered":"<p>Raquel Moraes Psic\u00f3loga cl\u00ednica | CRP 07\/38806 Psic\u00f3loga cl\u00ednica com orienta\u00e7\u00e3o psicanal\u00edtica.\u00a0Atendimento presencial e online para adolescentes e adultos Agendar uma conversa Sobre mim Sou psic\u00f3loga cl\u00ednica, formada em Psicologia pela Universidade Federal do Rio Grande. Meu trabalho \u00e9 orientado pela psican\u00e1lise, abordagem que sustenta uma escuta atenta \u00e0 singularidade de cada sujeito e \u00e0s [&hellip;]<\/p>\n","protected":false},"author":1,"featured_media":0,"parent":0,"menu_order":0,"comment_status":"closed","ping_status":"closed","template":"elementor_header_footer","meta":{"_joinchat":[],"footnotes":""},"class_list":["post-20","page","type-page","status-publish","hentry"],"_links":{"self":[{"href":"https:\/\/raquelmoraespsi.com.br\/index.php\/wp-json\/wp\/v2\/pages\/20","targetHints":{"allow":["GET"]}}],"collection":[{"href":"https:\/\/raquelmoraespsi.com.br\/index.php\/wp-json\/wp\/v2\/pages"}],"about":[{"href":"https:\/\/raquelmoraespsi.com.br\/index.php\/wp-json\/wp\/v2\/types\/page"}],"author":[{"embeddable":true,"href":"https:\/\/raquelmoraespsi.com.br\/index.php\/wp-json\/wp\/v2\/users\/1"}],"replies":[{"embeddable":true,"href":"https:\/\/raquelmoraespsi.com.br\/index.php\/wp-json\/wp\/v2\/comments?post=20"}],"version-history":[{"count":100,"href":"https:\/\/raquelmoraespsi.com.br\/index.php\/wp-json\/wp\/v2\/pages\/20\/revisions"}],"predecessor-version":[{"id":167,"href":"https:\/\/raquelmoraespsi.com.br\/index.php\/wp-json\/wp\/v2\/pages\/20\/revisions\/167"}],"wp:attachment":[{"href":"https:\/\/raquelmoraespsi.com.br\/index.php\/wp-json\/wp\/v2\/media?parent=20"}],"curies":[{"name":"wp","href":"https:\/\/api.w.org\/{rel}","templated":true}]}}